{"id":168,"date":"2019-01-03T22:29:57","date_gmt":"2019-01-03T22:29:57","guid":{"rendered":"http:\/\/comcol.icom.cust.oxymium.net\/metas-y-objetivos\/"},"modified":"2019-01-03T22:37:32","modified_gmt":"2019-01-03T22:37:32","slug":"metas-y-objetivos","status":"publish","type":"page","link":"https:\/\/comcol.mini.icom.museum\/es\/metas-y-objetivos\/","title":{"rendered":"Metas y objetivos"},"content":{"rendered":"<div id=\"RTE_CONTENT\"> <!--TYPO3SEARCH_begin--> \t<!--  CONTENT ELEMENT, uid:9790\/text [begin] --> \t\t<\/p>\n<div id=\"c9790\"> \t\t<!--  Text: [begin] --> \t\t\t<\/p>\n<p> COMCOL es un Comit\u00e9 Internacional de ICOM, que tiene como objetivo profundizar en las discusiones y compartir conocimientos sobre la pr\u00e1ctica, la teor\u00eda y la \u00e9tica del coleccionismo y el desarrollo de colecciones (tangibles e intangibles). COMCOL es una plataforma para el intercambio profesional de puntos de vista y experiencias en torno al coleccionismo en su sentido m\u00e1s amplio. El cometido del comit\u00e9 incluye tem\u00e1ticas como: coleccionismo, pol\u00edticas de adquisici\u00f3n, cesi\u00f3n\u00a0y extracci\u00f3n de objetos; coleccionismo contempor\u00e1neo; restituci\u00f3n de bienes culturales y pr\u00e1cticas respetuosas que afectan el papel de las colecciones, ahora y en el futuro, de todo tipo de museos, en todas partes del mundo.  <\/p>\n<p> Los objetivos de COMCOL son: aumentar la cooperaci\u00f3n y la colaboraci\u00f3n traspasando fronteras internacionales; fomentar la innovaci\u00f3n en los museos, as\u00ed como alentar y apoyar a los profesionales de los museos en su trabajo con el desarrollo de colecciones. Para ello, COMCOL organiza reuniones anuales y grupos de trabajo, y tambi\u00e9n invita a sus miembros a entablar conversaciones a trav\u00e9s del bolet\u00edn de noticias de COMCOL. <\/p>\n<p> \t\t<!--  Text: [end] --> \t\t\t   \t<!--  \t\tBEGIN: Content of extension \"hpo_relatedlink\", plugin \"tx_hporelatedlink_pi1\"  \t--> \t<\/p>\n<div> \t\t \t<\/div>\n<p> \t \t<!-- END: Content of extension \"hpo_relatedlink\", plugin \"tx_hporelatedlink_pi1\" -->  \t<\/div>\n<p> \t<!--  CONTENT ELEMENT, uid:9790\/text [end] --> \t\t<!--TYPO3SEARCH_end--> <\/div>\n","protected":false},"excerpt":{"rendered":"<p>COMCOL es un Comit\u00e9 Internacional de ICOM, que tiene como objetivo profundizar en las discusiones y compartir conocimientos sobre la pr\u00e1ctica, la teor\u00eda y la \u00e9tica del coleccionismo y el desarrollo de colecciones (tangibles e intangibles). COMCOL es una plataforma para el intercambio profesional de puntos de vista y experiencias en torno al coleccionismo en [&hellip;]<\/p>\n","protected":false},"author":1,"featured_media":0,"parent":0,"menu_order":0,"comment_status":"closed","ping_status":"closed","template":"","meta":{"footnotes":""},"yst_prominent_words":[],"acf":[],"_links":{"self":[{"href":"https:\/\/comcol.mini.icom.museum\/es\/wp-json\/wp\/v2\/pages\/168"}],"collection":[{"href":"https:\/\/comcol.mini.icom.museum\/es\/wp-json\/wp\/v2\/pages"}],"about":[{"href":"https:\/\/comcol.mini.icom.museum\/es\/wp-json\/wp\/v2\/types\/page"}],"author":[{"embeddable":true,"href":"https:\/\/comcol.mini.icom.museum\/es\/wp-json\/wp\/v2\/users\/1"}],"replies":[{"embeddable":true,"href":"https:\/\/comcol.mini.icom.museum\/es\/wp-json\/wp\/v2\/comments?post=168"}],"version-history":[{"count":1,"href":"https:\/\/comcol.mini.icom.museum\/es\/wp-json\/wp\/v2\/pages\/168\/revisions"}],"predecessor-version":[{"id":1055,"href":"https:\/\/comcol.mini.icom.museum\/es\/wp-json\/wp\/v2\/pages\/168\/revisions\/1055"}],"wp:attachment":[{"href":"https:\/\/comcol.mini.icom.museum\/es\/wp-json\/wp\/v2\/media?parent=168"}],"wp:term":[{"taxonomy":"yst_prominent_words","embeddable":true,"href":"https:\/\/comcol.mini.icom.museum\/es\/wp-json\/wp\/v2\/yst_prominent_words?post=168"}],"curies":[{"name":"wp","href":"https:\/\/api.w.org\/{rel}","templated":true}]}}