{"id":582,"date":"2019-01-03T22:33:10","date_gmt":"2019-01-03T22:33:10","guid":{"rendered":"http:\/\/comcol.icom.cust.oxymium.net\/publicaciones\/boletin-de-noticias\/"},"modified":"2019-01-03T22:37:30","modified_gmt":"2019-01-03T22:37:30","slug":"boletin-de-noticias","status":"publish","type":"page","link":"https:\/\/comcol.mini.icom.museum\/es\/publicaciones\/boletin-de-noticias\/","title":{"rendered":"Bolet\u00edn de noticias"},"content":{"rendered":"<div id=\"RTE_CONTENT\"> <!--TYPO3SEARCH_begin--> \t<!--  CONTENT ELEMENT, uid:9817\/textpic [begin] --> \t\t<\/p>\n<div id=\"c9817\"> \t\t<!--  Header: [begin] --> \t\t\t<\/p>\n<h2> Boletin de Noticias<\/h2>\n<p> \t\t<!--  Header: [end] --> \t\t\t \t\t<!--  Image block: [begin] --> \t\t\t<\/p>\n<div> \t\t<!--  Text: [begin] --> \t\t\t<\/p>\n<p> El Bolet\u00edn de COMCOL se publica tres veces al a\u00f1o y se distribuye a los miembros COMCOL. Estamos abiertos a contribuciones para el bolet\u00edn , pueden ser reflexiones, reportes de conferencias y seminarios, presentaciones de proyectos, preguntas espec\u00edficas que se deseen plantear, consejos de literatura, convocatorias de participaci\u00f3n u otros temas similares. Si tienes inter\u00e9s en contribuir al bolet\u00edn, por favor env\u00eda un correo electr\u00f3nico a uno de los editores <a href=\"mailto:riitta.kela@gmail.com\" title=\"Opens window for sending email\">Riita Kela<\/a>, <a href=\"mailto:eva.faegerborg@gmail.com.se\" title=\"Opens window for sending email\">Eva F\u00e4gerborg<\/a>, <a href=\"mailto:catherinemarshall5@yahoo.com\" title=\"Opens window for sending email\">Catherine Marshall<\/a> or <a href=\"mailto:judithc@phm.gov.au\" title=\"Opens window for sending email\">Judith Coombes<\/a>, <a href=\"mailto:erin.caswell@gmail.com\" title=\"Opens window for sending email\">Erin Caswell<\/a>\u00a0  <\/p>\n<p> La fecha l\u00edmite para enviar una propuesta para el pr\u00f3ximo bolet\u00edn es el d\u00eda 1 de marzo 2019. <\/p>\n<p><a href=\"http:\/\/comcol.mini.icom.museum\/wp-content\/uploads\/sites\/9\/2019\/01\/33COMdec18F.pdf\" title=\"TEXT, 33COMdec18F Newsletter 33, 33COMdec18F.pdf, 694 KB\">Boletin no. 33<\/a>, diciembre 2018 (0.6 mb) <\/p>\n<p><a href=\"http:\/\/comcol.mini.icom.museum\/wp-content\/uploads\/sites\/9\/2019\/01\/32COMapr18.pdf\" title=\"TEXT, 32COMapr18, 32COMapr18.pdf, 0.9 MB\">Boletin no 32<\/a>, mayo 2018 (0.9 mb) <\/p>\n<p><a href=\"http:\/\/comcol.mini.icom.museum\/wp-content\/uploads\/sites\/9\/2019\/01\/COMCOL_Newsletter__31.pdf\" title=\"TEXT, COMCOL Newsletter 31, COMCOL_Newsletter__31.pdf, 394 KB\">Boletin no 31<\/a>, noviembre 2017 (0,5 mb) <\/p>\n<p><a href=\"http:\/\/comcol.mini.icom.museum\/wp-content\/uploads\/sites\/9\/2019\/01\/COMCOL_Newsletter_30.pdf\" title=\"TEXT, COMCOL Newsletter 30, COMCOL_Newsletter_30.pdf, 770 KB\">Boletin no 30<\/a>, marzo 2017 (0,8 mb) <\/p>\n<p><a href=\"http:\/\/comcol.mini.icom.museum\/wp-content\/uploads\/sites\/9\/2019\/01\/COMCOL_Newsletter_29.pdf\" title=\"TEXT, COMCOL Newsletter 28, COMCOL_Newsletter_28.pdf, 1.0 MB\">Bolet\u00edn\u00a0no 29<\/a>, diciembre 2015 (1,2 mb) <\/p>\n<p><a href=\"http:\/\/comcol.mini.icom.museum\/wp-content\/uploads\/sites\/9\/2019\/01\/COMCOL_Newsletter_28.pdf\" title=\"TEXT, COMCOL Newsletter 28, COMCOL_Newsletter_28.pdf, 1.0 MB\">Bolet\u00edn no 28<\/a>, septembre 2015 (1,0 mb) <\/p>\n<p><a href=\"http:\/\/comcol.mini.icom.museum\/wp-content\/uploads\/sites\/9\/2019\/01\/COMCOL_Newsletter_27.pdf\" title=\"TEXT, COMCOL Newsletter 27, COMCOL_Newsletter_27.pdf, 555 KB\">Boletin no 27<\/a>, mayo 2015 ( 0,5 mb) <\/p>\n<p><a href=\"http:\/\/comcol.mini.icom.museum\/wp-content\/uploads\/sites\/9\/2019\/01\/COMCOL_Newsletter_26.pdf\" title=\"TEXT, COMCOL Newsletter 26, COMCOL_Newsletter_26.pdf, 1.0 MB\">Boletin no 26<\/a>, octobre 2014 ( 1 mb)<a href=\"http:\/\/comcol.mini.icom.museum\/wp-content\/uploads\/sites\/9\/2019\/01\/COMCOL_Newsletter_25__.pdf\" title=\"TEXT, COMCOL Newsletter 25 , COMCOL_Newsletter_25__.pdf, 0.9 MB\"><br \/><\/a> <\/p>\n<p><a href=\"http:\/\/comcol.mini.icom.museum\/wp-content\/uploads\/sites\/9\/2019\/01\/COMCOL_Newsletter_25__.pdf\" title=\"TEXT, COMCOL Newsletter 25 , COMCOL_Newsletter_25__.pdf, 0.9 MB\">Boletin n<\/a><a href=\"http:\/\/comcol.mini.icom.museum\/wp-content\/uploads\/sites\/9\/2019\/01\/COMCOL_Newsletter_25__.pdf\" title=\"TEXT, COMCOL Newsletter 25 , COMCOL_Newsletter_25__.pdf, 0.9 MB\">\u00ba 25,<\/a> junio de 2014 (0,9 mb) <\/p>\n<p><a href=\"http:\/\/comcol.mini.icom.museum\/wp-content\/uploads\/sites\/9\/2019\/01\/COMCOL_Newsletter_24.pdf\" title=\"TEXT, COMCOL Newsletter 24, COMCOL_Newsletter_24.pdf, 716 KB\">Newsletter no 24<\/a>, marzo 2014 (0.7 mb) <\/p>\n<p><a href=\"http:\/\/comcol.mini.icom.museum\/wp-content\/uploads\/sites\/9\/2019\/01\/Newsletter23.pdf\" title=\"TEXT, Newsletter23, Newsletter23.pdf, 1.3 MB\">Newsletter no 23<\/a>, octubre 2013 (1.3 mb) <\/p>\n<p><a href=\"http:\/\/comcol.mini.icom.museum\/wp-content\/uploads\/sites\/9\/2019\/01\/Newsletter22.pdf\" title=\"TEXT, Newsletter22, Newsletter22.pdf, 3.0 MB\">Newsletter no 22<\/a>, julio 2013 (3 mb) <\/p>\n<p><a href=\"http:\/\/comcol.mini.icom.museum\/wp-content\/uploads\/sites\/9\/2019\/01\/Newsletter21.pdf\" title=\"Opens external link in new window\">Newsletter no 21<\/a>, abril 2013 (0.9 mb) <\/p>\n<p><a href=\"http:\/\/comcol.mini.icom.museum\/wp-content\/uploads\/sites\/9\/2019\/01\/Newsletter20.pdf\" title=\"Opens external link in new window\">Newsletter no 20<\/a>, diciembre 2012 (0.9 mb) <\/p>\n<p><a href=\"http:\/\/comcol.mini.icom.museum\/wp-content\/uploads\/sites\/9\/2019\/01\/Newsletter19.pdf\" title=\"Opens external link in new window\">Newsletter no 19<\/a>, octubre 2012 (1.5 mb) <\/p>\n<p><a href=\"http:\/\/comcol.mini.icom.museum\/wp-content\/uploads\/sites\/9\/2019\/01\/Newsletter18.pdf\" title=\"Opens external link in new window\">Newsletter no 18<\/a>, junio 2012\u00a0(7.7 mb) <\/p>\n<p><a href=\"http:\/\/comcol.mini.icom.museum\/wp-content\/uploads\/sites\/9\/2019\/01\/COMCOL_Newsletter_17.pdf\" title=\"TEXT, COMCOL Newsletter 17, COMCOL_Newsletter_17.pdf, 2.4 MB\">Newsletter no 17<\/a>, abril 2012 (2.4 mb) <\/p>\n<p><a href=\"http:\/\/comcol.mini.icom.museum\/wp-content\/uploads\/sites\/9\/2019\/01\/Newsletter16.pdf\" title=\"TEXT, Newsletter16, Newsletter16.pdf, 833 KB\">Newsletter no 16<\/a>, diciembre 2011 (0.8 mb) <\/p>\n<p><a href=\"http:\/\/comcol.mini.icom.museum\/wp-content\/uploads\/sites\/9\/2019\/01\/Newsletter15.pdf\" title=\"TEXT, Newsletter15, Newsletter15.pdf, 359 KB\">Newsletter no 15<\/a>, octubre 2011 (0.4 mb) <\/p>\n<p><a href=\"http:\/\/comcol.mini.icom.museum\/wp-content\/uploads\/sites\/9\/2019\/01\/Newsletter14.pdf\" title=\"TEXT, Newsletter14, Newsletter14.pdf, 263 KB\">Newsletter no 14<\/a>, julio 2011 (0.3 mb) <\/p>\n<p><a href=\"http:\/\/comcol.mini.icom.museum\/wp-content\/uploads\/sites\/9\/2019\/01\/Newsletter13.pdf\" title=\"TEXT, Newsletter13, Newsletter13.pdf, 281 KB\">Newsletter no 13<\/a>, abril 2011 (0.3 mb) <\/p>\n<p><a href=\"http:\/\/comcol.mini.icom.museum\/wp-content\/uploads\/sites\/9\/2019\/01\/Newsletter12.pdf\" title=\"TEXT, Newsletter12, Newsletter12.pdf, 445 KB\">Newsletter no 12<\/a>, diciembre 2010 (0.4 mb) <\/p>\n<p><a href=\"http:\/\/comcol.mini.icom.museum\/wp-content\/uploads\/sites\/9\/2019\/01\/Newsletter11.pdf\" title=\"TEXT, Newsletter11, Newsletter11.pdf, 346 KB\">Newsletter no 11<\/a>, octubre 2010 (0.4 mb) <\/p>\n<p><a href=\"http:\/\/comcol.mini.icom.museum\/wp-content\/uploads\/sites\/9\/2019\/01\/Newsletter10.pdf\" title=\"TEXT, Newsletter10, Newsletter10.pdf, 799 KB\">Newsletter no 10<\/a>, junio 2010 (0.8 mb) <\/p>\n<p><a href=\"http:\/\/comcol.mini.icom.museum\/wp-content\/uploads\/sites\/9\/2019\/01\/Newsletter9.pdf\" title=\"TEXT, Newsletter9, Newsletter9.pdf, 367 KB\">Newsletter no 9<\/a>, abril 2010 (0.4 mb) <\/p>\n<p><a href=\"http:\/\/comcol.mini.icom.museum\/wp-content\/uploads\/sites\/9\/2019\/01\/Newsletter8.pdf\" title=\"TEXT, Newsletter8, Newsletter8.pdf, 89 KB\">Newsletter no 8<\/a>, diciembre 2009 (0.1 mb) <\/p>\n<p><a href=\"http:\/\/comcol.mini.icom.museum\/wp-content\/uploads\/sites\/9\/2019\/01\/Newsletter7.pdf\" title=\"TEXT, Newsletter7, Newsletter7.pdf, 247 KB\">Newsletter no 7<\/a>, octubre 2009 (0.2 mb) <\/p>\n<p><a href=\"http:\/\/comcol.mini.icom.museum\/wp-content\/uploads\/sites\/9\/2019\/01\/Newsletter6.pdf\" title=\"TEXT, Newsletter6, Newsletter6.pdf, 203 KB\">Newsletter no 6<\/a>, junio 2009 (0.2 mb) <\/p>\n<p><a href=\"http:\/\/comcol.mini.icom.museum\/wp-content\/uploads\/sites\/9\/2019\/01\/Newsletter5.pdf\" title=\"TEXT, Newsletter5, Newsletter5.pdf, 593 KB\">Newsletter no 5<\/a>, abril 2009 (0.6 mb) <\/p>\n<p><a href=\"http:\/\/comcol.mini.icom.museum\/wp-content\/uploads\/sites\/9\/2019\/01\/Newsletter4.pdf\" title=\"TEXT, Newsletter4, Newsletter4.pdf, 352 KB\">Newsletter no 4<\/a>, diciembre 2008 (0.4 mb) <\/p>\n<p><a href=\"http:\/\/comcol.mini.icom.museum\/wp-content\/uploads\/sites\/9\/2019\/01\/Newsletter3.pdf\" title=\"TEXT, Newsletter3, Newsletter3.pdf, 523 KB\">Newsletter no 3<\/a>, octubre 2008 (0.5 mb) <\/p>\n<p><a href=\"http:\/\/comcol.mini.icom.museum\/wp-content\/uploads\/sites\/9\/2019\/01\/Newsletter2.pdf\" title=\"TEXT, Newsletter2, Newsletter2.pdf, 95 KB\">Newsletter no 2<\/a>, junio 2008 (0.1 mb) <\/p>\n<p><a href=\"http:\/\/comcol.mini.icom.museum\/wp-content\/uploads\/sites\/9\/2019\/01\/Newsletter1.pdf\" title=\"TEXT, Newsletter1, Newsletter1.pdf, 145 KB\">Newsletter no 1<\/a>, abril 2008 (0.1 mb)<\/p>\n<p> \t\t<!--  Text: [end] --> \t\t\t<\/div>\n<p> \t\t<!--  Image block: [end] --> \t\t\t   \t<!--  \t\tBEGIN: Content of extension \"hpo_relatedlink\", plugin \"tx_hporelatedlink_pi1\"  \t--> \t<\/p>\n<div> \t\t \t<\/div>\n<p> \t \t<!-- END: Content of extension \"hpo_relatedlink\", plugin \"tx_hporelatedlink_pi1\" -->  \t<\/div>\n<p> \t<!--  CONTENT ELEMENT, uid:9817\/textpic [end] --> \t\t<!--TYPO3SEARCH_end--> <\/div>\n","protected":false},"excerpt":{"rendered":"<p>Boletin de Noticias El Bolet\u00edn de COMCOL se publica tres veces al a\u00f1o y se distribuye a los miembros COMCOL. Estamos abiertos a contribuciones para el bolet\u00edn , pueden ser reflexiones, reportes de conferencias y seminarios, presentaciones de proyectos, preguntas espec\u00edficas que se deseen plantear, consejos de literatura, convocatorias de participaci\u00f3n u otros temas similares. [&hellip;]<\/p>\n","protected":false},"author":1,"featured_media":0,"parent":161,"menu_order":0,"comment_status":"closed","ping_status":"closed","template":"","meta":{"footnotes":""},"yst_prominent_words":[],"acf":[],"_links":{"self":[{"href":"https:\/\/comcol.mini.icom.museum\/es\/wp-json\/wp\/v2\/pages\/582"}],"collection":[{"href":"https:\/\/comcol.mini.icom.museum\/es\/wp-json\/wp\/v2\/pages"}],"about":[{"href":"https:\/\/comcol.mini.icom.museum\/es\/wp-json\/wp\/v2\/types\/page"}],"author":[{"embeddable":true,"href":"https:\/\/comcol.mini.icom.museum\/es\/wp-json\/wp\/v2\/users\/1"}],"replies":[{"embeddable":true,"href":"https:\/\/comcol.mini.icom.museum\/es\/wp-json\/wp\/v2\/comments?post=582"}],"version-history":[{"count":1,"href":"https:\/\/comcol.mini.icom.museum\/es\/wp-json\/wp\/v2\/pages\/582\/revisions"}],"predecessor-version":[{"id":1048,"href":"https:\/\/comcol.mini.icom.museum\/es\/wp-json\/wp\/v2\/pages\/582\/revisions\/1048"}],"up":[{"embeddable":true,"href":"https:\/\/comcol.mini.icom.museum\/es\/wp-json\/wp\/v2\/pages\/161"}],"wp:attachment":[{"href":"https:\/\/comcol.mini.icom.museum\/es\/wp-json\/wp\/v2\/media?parent=582"}],"wp:term":[{"taxonomy":"yst_prominent_words","embeddable":true,"href":"https:\/\/comcol.mini.icom.museum\/es\/wp-json\/wp\/v2\/yst_prominent_words?post=582"}],"curies":[{"name":"wp","href":"https:\/\/api.w.org\/{rel}","templated":true}]}}