{"id":717,"date":"2019-01-03T22:34:27","date_gmt":"2019-01-03T22:34:27","guid":{"rendered":"http:\/\/comcol.icom.cust.oxymium.net\/convertirse-en-un-miembro\/"},"modified":"2019-01-03T22:37:28","modified_gmt":"2019-01-03T22:37:28","slug":"convertirse-en-un-miembro","status":"publish","type":"page","link":"https:\/\/comcol.mini.icom.museum\/es\/convertirse-en-un-miembro\/","title":{"rendered":"Convertirse en un miembro"},"content":{"rendered":"<div id=\"RTE_CONTENT\"> <!--TYPO3SEARCH_begin--> \t<!--  CONTENT ELEMENT, uid:9822\/textpic [begin] --> \t\t<\/p>\n<div id=\"c9822\"> \t\t<!--  Header: [begin] --> \t\t\t<\/p>\n<h2>\u00a1Hazte miembro!<\/h2>\n<p> \t\t<!--  Header: [end] --> \t\t\t \t\t<!--  Image block: [begin] --> \t\t\t<\/p>\n<div> \t\t<!--  Text: [begin] --> \t\t\t<\/p>\n<p> Damos la bienvenida como miembros de COMCOL a profesionales y acad\u00e9micos con un inter\u00e9s en el coleccionismo y las colecciones. Los que ya son miembros de ICOM puede simplemente unirse COMCOL rellenando un formulario de solicitud que se puede descargar desde <a href=\"http:\/\/icom.museum\/los-comites\/comites-internacionales\/L\/1\/\" title=\"Opens external link in new window\" target=\"_blank\">esta p\u00e1gina <\/a>en el sitio web del ICOM. Los formularios completos deben de ser enviados por correo electr\u00f3nico a la <a href=\"mailto:secretariat@icom.museum\" title=\"Opens window for sending email\">Secretar\u00eda del ICOM<\/a>.  <\/p>\n<p> Si deseas unirte a COMCOL, pero a\u00fan no eres miembro de ICOM, el primer paso es hacerse miembro de ICOM. Lee m\u00e1s sobre c\u00f3mo convertirte en un miembro de ICOM<a href=\"http:\/\/icom.museum\/unase-a-nosotros\/ser-socio\/L\/1\/\" title=\"Opens external link in new window\" target=\"_blank\"> <\/a><a href=\"http:\/\/icom.museum\/unase-a-nosotros\/ser-socio\/L\/1\/\" title=\"Opens external link in new window\" target=\"_blank\">aqu\u00ed<\/a>.  <\/p>\n<p> <b>\u00danete a COMCOL<\/b> <\/p>\n<p> COMCOL quiere invitar a sus miembros a convertir la red de contactos del comit\u00e9 en una asociaci\u00f3n vital, portavoz para la cooperaci\u00f3n internacional. <\/p>\n<p> \t\t<!--  Text: [end] --> \t\t\t<\/div>\n<p> \t\t<!--  Image block: [end] --> \t\t\t   \t<!--  \t\tBEGIN: Content of extension \"hpo_relatedlink\", plugin \"tx_hporelatedlink_pi1\"  \t--> \t<\/p>\n<div> \t\t \t<\/div>\n<p> \t \t<!-- END: Content of extension \"hpo_relatedlink\", plugin \"tx_hporelatedlink_pi1\" -->  \t<\/div>\n<p> \t<!--  CONTENT ELEMENT, uid:9822\/textpic [end] --> \t\t<!--TYPO3SEARCH_end--> <\/div>\n","protected":false},"excerpt":{"rendered":"<p>\u00a1Hazte miembro! Damos la bienvenida como miembros de COMCOL a profesionales y acad\u00e9micos con un inter\u00e9s en el coleccionismo y las colecciones. Los que ya son miembros de ICOM puede simplemente unirse COMCOL rellenando un formulario de solicitud que se puede descargar desde esta p\u00e1gina en el sitio web del ICOM. Los formularios completos deben [&hellip;]<\/p>\n","protected":false},"author":1,"featured_media":0,"parent":0,"menu_order":0,"comment_status":"closed","ping_status":"closed","template":"","meta":{"footnotes":""},"yst_prominent_words":[],"acf":[],"_links":{"self":[{"href":"https:\/\/comcol.mini.icom.museum\/es\/wp-json\/wp\/v2\/pages\/717"}],"collection":[{"href":"https:\/\/comcol.mini.icom.museum\/es\/wp-json\/wp\/v2\/pages"}],"about":[{"href":"https:\/\/comcol.mini.icom.museum\/es\/wp-json\/wp\/v2\/types\/page"}],"author":[{"embeddable":true,"href":"https:\/\/comcol.mini.icom.museum\/es\/wp-json\/wp\/v2\/users\/1"}],"replies":[{"embeddable":true,"href":"https:\/\/comcol.mini.icom.museum\/es\/wp-json\/wp\/v2\/comments?post=717"}],"version-history":[{"count":1,"href":"https:\/\/comcol.mini.icom.museum\/es\/wp-json\/wp\/v2\/pages\/717\/revisions"}],"predecessor-version":[{"id":1040,"href":"https:\/\/comcol.mini.icom.museum\/es\/wp-json\/wp\/v2\/pages\/717\/revisions\/1040"}],"wp:attachment":[{"href":"https:\/\/comcol.mini.icom.museum\/es\/wp-json\/wp\/v2\/media?parent=717"}],"wp:term":[{"taxonomy":"yst_prominent_words","embeddable":true,"href":"https:\/\/comcol.mini.icom.museum\/es\/wp-json\/wp\/v2\/yst_prominent_words?post=717"}],"curies":[{"name":"wp","href":"https:\/\/api.w.org\/{rel}","templated":true}]}}