{"id":140,"date":"2019-01-03T08:52:57","date_gmt":"2019-01-03T08:52:57","guid":{"rendered":"http:\/\/comcol.mini.icom.museum\/?page_id=140"},"modified":"2019-01-03T22:37:27","modified_gmt":"2019-01-03T22:37:27","slug":"politique-de-confidentialite","status":"publish","type":"page","link":"https:\/\/comcol.mini.icom.museum\/fr\/politique-de-confidentialite\/","title":{"rendered":"Politique de confidentialit\u00e9"},"content":{"rendered":"<p class=\"bodytext\"><span class=\"chapeau\">POLITIQUE DE CONFIDENTIALITE ET DE COOKIES<\/span><\/p>\n<p class=\"bodytext\">Derni\u00e8re mise \u00e0 jour : 10 octobre 2015<\/p>\n<p>Cette politique indique comment l\u2019ICOM, en tant que responsable de traitement, utilise et prot\u00e8ge les donn\u00e9es personnelles que vous lui communiquez lors de la visite du site internet, de l\u2019adh\u00e9sion \u00e0 l\u2019association, d\u2019un d\u00e9p\u00f4t de candidature, de l\u2019utilisation de la plateforme \u00abICOMMUNITY\u00bb ou de la participation \u00e0 un \u00e9v\u00e8nement ou \u00e0 une activit\u00e9 organis\u00e9s par l\u2019ICOM.<br \/>\nCette politique traite \u00e9galement de l\u2019utilisation des cookies sur notre site internet.<\/p>\n<p>L\u2019ICOM s\u2019engage \u00e0 prot\u00e9ger les donn\u00e9es personnelles et \u00e0 respecter la vie priv\u00e9e conform\u00e9ment \u00e0 la loi n\u00b0 78-87 du 6 janvier 1978, la loi n\u00b0 2004-801 du 6 ao\u00fbt 2004 et \u00e0 la r\u00e9glementation europ\u00e9enne de protection des donn\u00e9es.<\/p>\n<p>L\u2019ICOM a d\u00e9sign\u00e9, aupr\u00e8s de la CNIL, un Correspondant \u00e0 la Protection des Donn\u00e9es (CIL).<\/p>\n<p>L\u2019ICOM vous invite \u00e0 v\u00e9rifier r\u00e9guli\u00e8rement la mise \u00e0 jour de cette politique sur cette page.<\/p>\n<p><b>PAR QUI ET COMMENT VOS DONNEES PERSONNELLES SONT ELLES COLLECTEES?<\/b><\/p>\n<p>Vos donn\u00e9es personnelles peuvent \u00eatre collect\u00e9es par l\u2019ICOM via le formulaire d\u2019adh\u00e9sion,\u00a0 lorsque vous consultez et interagissez avec les pages du site ou de ICOMMUNITY, via les comit\u00e9s nationaux et internationaux dont vous \u00eates d\u00e9j\u00e0 membre ou lorsque vous nous adressez une demande d\u2019adh\u00e9sion ou une candidature.<\/p>\n<p>Les donn\u00e9es personnelles sont h\u00e9berg\u00e9es au sein de l\u2019Union Europ\u00e9enne.<\/p>\n<p>Le Site internet de l\u2019ICOM peut h\u00e9berger des liens renvoyant vers des sites tiers. Dans ce cas ICOM vous invite \u00e0 lire attentivement la politique de confidentialit\u00e9 desdits sites tiers.<\/p>\n<p><b>QUELLES SONT LES DONNEES QUE NOUS COLLECTONS?<\/b><\/p>\n<p>L\u2019ICOM ne collecte pas de donn\u00e9es \u00e0 votre insu et ne collecte que les donn\u00e9es personnelles strictement n\u00e9cessaires \u00e0 la r\u00e9alisation de la finalit\u00e9 des traitements \u00e0 savoir assurer et am\u00e9liorer le fonctionnement et l&#8217;utilisation du Site et permettre \u00e0 l\u2019association de fonctionner conform\u00e9ment \u00e0 son objet d\u00e9fini dans ses statuts.<\/p>\n<p>A cet effet, l\u2019ICOM collecte les informations suivantes:<\/p>\n<p>&#8211;\u00a0\u00a0\u00a0 Lors de votre visite du site internet et de l\u2019utilisation de \u00abICOMMUNITY \u00bb : En g\u00e9n\u00e9ral, l\u2019utilisateur peut naviguer sur le site de l\u2019ICOM sans r\u00e9v\u00e9ler de renseignements personnels. Les seules informations que l\u2019ICOM collecte lors d&#8217;une navigation g\u00e9n\u00e9rale sur le site sont celles destin\u00e9es au journal du serveur (IP\/protocole Internet, nom de domaine, type de navigateur, syst\u00e8me d&#8217;exploitation, le site \u00e0 partir duquel vous \u00eates connect\u00e9, les fichiers que vous t\u00e9l\u00e9chargez, les pages visit\u00e9es, les dates et heures de ces visites\u2026) et les messages ou commentaires que vous postez en ligne.<\/p>\n<p>&#8211;\u00a0\u00a0\u00a0 Lors de votre demande d\u2019information via notre formulaire de contact sur le site :<\/p>\n<ul>\n<li>\u00a0\u00a0\u00a0 Vos coordonn\u00e9es via le formulaire que vous remplissez,<\/li>\n<li>\u00a0\u00a0\u00a0 Votre message.<\/li>\n<\/ul>\n<p class=\"bodytext\">\n&#8211;\u00a0\u00a0\u00a0 Lors de votre demande d\u2019adh\u00e9sion<\/p>\n<ul>\n<li>\u00a0\u00a0\u00a0 Nom, pr\u00e9nom, civilit\u00e9\/titre, sexe, date de naissance,<\/li>\n<li>\u00a0\u00a0\u00a0 Num\u00e9ro d\u2019adh\u00e9rent, le cas \u00e9ch\u00e9ant,<\/li>\n<li>\u00a0\u00a0\u00a0 Derni\u00e8re institution ou vous travaillez\/ avez travaill\u00e9, fonction, adresse professionnelle, email, t\u00e9l\u00e9phone, fax,<\/li>\n<li>\u00a0\u00a0\u00a0 Comit\u00e9 d\u2019appartenance,<\/li>\n<li>\u00a0\u00a0\u00a0 Adresse postale personnelle, email, t\u00e9l\u00e9phone, fax,<\/li>\n<li>\u00a0\u00a0\u00a0 Cat\u00e9gorie de membre : individuel (votant), institutionnel (votant), \u00e9tudiant (non votant), bienfaiteur (non votant), d\u2019honneur (non votant).<\/li>\n<\/ul>\n<p class=\"bodytext\">\n&#8211;\u00a0\u00a0\u00a0 Lors de votre contribution au site ou \u00e0 l\u2019activit\u00e9 de l\u2019ICOM (expert, auteurs, contributeurs, graphistes, traducteurs) :<\/p>\n<ul>\n<li>\u00a0\u00a0\u00a0 Nom et coordonn\u00e9es professionnelles,<\/li>\n<li>\u00a0\u00a0\u00a0 Fonction\/qualit\u00e9,<\/li>\n<li>\u00a0\u00a0\u00a0 Type de contribution.<\/li>\n<\/ul>\n<p class=\"bodytext\">\n&#8211;\u00a0\u00a0\u00a0 Lors du d\u00e9p\u00f4t d\u2019une candidature :<\/p>\n<ul>\n<li>\u00a0\u00a0\u00a0 CV<\/li>\n<li>\u00a0\u00a0\u00a0 Lettres de motivation, entretiens d&#8217;\u00e9valuation, copie d\u2019une pi\u00e8ce d\u2019identit\u00e9 et si n\u00e9cessaire du titre de s\u00e9jour.<\/li>\n<\/ul>\n<p class=\"bodytext\">\n<b>A QUOI NOUS SERVENT LES INFORMATIONS COLLECTEES ET A QUI SONT-ELLES DIVULGUEES ?<\/b><\/p>\n<p>L\u2019ICOM peut transmettre des donn\u00e9es personnelles \u00e0 ses partenaires pour permettre la r\u00e9alisation des finalit\u00e9s indiqu\u00e9es ci-apr\u00e8s.<br \/>\nL\u2019ICOM ne transmet pas vos donn\u00e9es personnelles \u00e0 des tiers sans autorisation pr\u00e9alable de votre part, sauf si la communication de telles donn\u00e9es est impos\u00e9e par la r\u00e9glementation en vigueur, notamment \u00e0 la requ\u00eate de l&#8217;autorit\u00e9 judiciaire dans le respect des dispositions l\u00e9gislatives.<\/p>\n<p>Ces informations seront utilis\u00e9es par l\u2019ICOM ou par ses partenaires pour les finalit\u00e9s suivantes :<\/p>\n<ul>\n<li>\u00a0\u00a0\u00a0 R\u00e9pondre \u00e0 vos demandes d\u2019information. Contacter l\u2019utilisateur notamment en r\u00e9ponse \u00e0 une demande ou \u00e0 une suggestion.<\/li>\n<li>\u00a0\u00a0\u00a0 Faciliter la navigation sur le site et\/ou sur ICOMMUNITY.<\/li>\n<li>\u00a0\u00a0\u00a0 Vous informer de l\u2019existence ou de l&#8217;\u00e9volution de nos activit\u00e9s.<\/li>\n<li>\u00a0\u00a0\u00a0 Traiter une candidature \u00e0 un emploi.<\/li>\n<li>\u00a0\u00a0\u00a0 M\u00e9moriser le profil personnel de l\u2019utilisateur en ligne.<\/li>\n<li>\u00a0\u00a0\u00a0 G\u00e9rer vos contributions dans le cadre de l\u2019ICOM.<\/li>\n<li>\u00a0\u00a0\u00a0 G\u00e9rer les adh\u00e9sions \u00e0 l\u2019association et les comptes des adh\u00e9rents.<\/li>\n<li>\u00a0\u00a0\u00a0 Assurer le fonctionnement de l\u2019association conform\u00e9ment \u00e0 ses statuts.<\/li>\n<\/ul>\n<p class=\"bodytext\">\n<b>COMBIEN DE TEMPS CONSERVONS-NOUS LES DONNEES PERSONNELLES ?<br \/>\n<\/b><br \/>\nLes informations collect\u00e9es sur le site de l\u2019ICOM sont conserv\u00e9es pour une dur\u00e9e limit\u00e9e \u00e0 la r\u00e9alisation de la finalit\u00e9 pour laquelle elles ont \u00e9t\u00e9 collect\u00e9es et tant que vous n\u2019exercez pas vos droits tels que d\u00e9finis ci-dessous.<\/p>\n<p><b>SECURITE ET CONFIDENTIALITE DES DONNEES PERSONNELLES<\/b><\/p>\n<p>L\u2019ICOM veille \u00e0 la s\u00e9curit\u00e9 de vos informations afin notamment d\u2019emp\u00eacher qu\u2019elles soient d\u00e9form\u00e9es, endommag\u00e9es, ou que des tiers non autoris\u00e9s y aient acc\u00e8s.<\/p>\n<p>N\u00e9anmoins il vous incombe de prot\u00e9ger la s\u00e9curit\u00e9 de votre compte, de votre identifiant et de votre mot de passe.<\/p>\n<p>Si vous pensez qu&#8217;un tiers conna\u00eet votre mot de passe ou l&#8217;a modifi\u00e9 ou qu&#8217;un tiers peut acc\u00e9der \u00e0 l&#8217;adresse e-mail associ\u00e9e \u00e0 votre compte, il vous est demand\u00e9 d\u2019en informer sans d\u00e9lai l\u2019ICOM en \u00e9crivant \u00e0 Madame Brigitte Coutant, \u00e0 l\u2019adresse e-mail suivante :\u00a0<a class=\"mail\" href=\"mailto:brigitte.coutant@icom.museum\">brigitte.coutant@icom.museum<\/a>.<\/p>\n<p><b>QUELS SONT VOS DROITS ?<\/b><\/p>\n<p>A condition de justifier de votre identit\u00e9, vous disposez \u00e0 tout moment d&#8217;un droit d&#8217;acc\u00e8s et d\u2019un droit de\u00a0 rectification des donn\u00e9es \u00e0 caract\u00e8re personnel vous concernant.<br \/>\nVous disposez aussi d\u2019un droit d\u2019opposition pour motif l\u00e9gitime au traitement de ces donn\u00e9es et \u00e0 leur communication \u00e0 des tiers.<\/p>\n<p>L\u2019ICOM peut s\u2019opposer aux demandes manifestement abusives, notamment mais non exclusivement, par leur nombre, leur caract\u00e8re r\u00e9p\u00e9titif ou syst\u00e9matique.<br \/>\nCes droits peuvent \u00eatre exerc\u00e9s en \u00e9crivant \u00e0 Madame Brigitte Coutant, \u00e0 l\u2019adresse e-mail :\u00a0<a class=\"mail\" href=\"mailto:brigitte.coutant@icom.museum\">brigitte.coutant@icom.museum<\/a><\/p>\n<p>L\u2019utilisateur est inform\u00e9 qu\u2019aucune demande ne sera prise en compte par t\u00e9l\u00e9phone.<\/p>\n<p class=\"bodytext\"><b>QUELLES SONT VOS OBLIGATIONS ?<\/b><\/p>\n<p>En tant qu\u2019utilisateur du site\u00a0<a class=\"internal-link\" title=\"Opens internal link in current window\" href=\"http:\/\/icom.museum\/L\/2\/\">http:\/\/icom.museum<\/a>\u00a0vous \u00eates tenu de respecter les dispositions de la loi Informatique et libert\u00e9s du 6 janvier 1978 modifi\u00e9e dont la violation est passible de sanctions p\u00e9nales. Vous devez notamment vous abstenir, s\u2019agissant des informations nominatives auxquelles vous avez acc\u00e8s, de toute collecte, de toute utilisation d\u00e9tourn\u00e9e, et d\u2019une mani\u00e8re g\u00e9n\u00e9rale, de tout acte susceptible de porter atteinte \u00e0 la vie priv\u00e9e, aux droits et libert\u00e9s fondamentaux des personnes.<\/p>\n<p><b>UTILISATION DE TEMOINS DE CONNEXION (\u00ab COOKIES \u00bb) ET BOUTONS DE PARTAGE DE RESEAUX SOCIAUX<\/b><\/p>\n<p class=\"bodytext\">Vous \u00eates inform\u00e9 que, lors des consultations du Site, un t\u00e9moin de connexion (\u00ab cookie \u00bb) est susceptible d\u2019\u00eatre install\u00e9 automatiquement sur votre terminal. Ce t\u00e9moin de connexion a pour seul objectif de fournir \u00e0 l\u2019ICOM des informations anonymes relatives \u00e0 votre navigation sur le Site (analyse de fr\u00e9quentation, mesures d\u2019audience) dans le but d\u2019am\u00e9liorer la qualit\u00e9 du Site, et ne peut pas \u00eatre utilis\u00e9 \u00e0 des fins d\u2019identification individuelle.<br \/>\nVous avez toujours la possibilit\u00e9 de param\u00e9trer les options du logiciel de navigation de mani\u00e8re \u00e0 \u00eatre inform\u00e9 de la pr\u00e9sence de tels t\u00e9moins de connexion et \u00e9ventuellement vous permettre de les refuser. N\u00e9anmoins, certaines fonctions du site Internet de l\u2019ICOM ne pourront fonctionner correctement sans l\u2019activation des cookies.<br \/>\nDes boutons de partage de r\u00e9seaux sociaux sont accessibles sur le site. Nous attirons votre attention sur le fait que ces boutons de partage permettent la collecte d\u2019informations vous concernant. Afin de connaitre les conditions d\u2019utilisation de ces donn\u00e9es nous vous invitons \u00e0 lire les politiques de confidentialit\u00e9 des r\u00e9seaux sociaux concern\u00e9s et accessibles sur leurs sites.<\/p>\n","protected":false},"excerpt":{"rendered":"<p>POLITIQUE DE CONFIDENTIALITE ET DE COOKIES Derni\u00e8re mise \u00e0 jour : 10 octobre 2015 Cette politique indique comment l\u2019ICOM, en tant que responsable de traitement, utilise et prot\u00e8ge les donn\u00e9es personnelles que vous lui communiquez lors de la visite du site internet, de l\u2019adh\u00e9sion \u00e0 l\u2019association, d\u2019un d\u00e9p\u00f4t de candidature, de l\u2019utilisation de la plateforme [&hellip;]<\/p>\n","protected":false},"author":1,"featured_media":0,"parent":0,"menu_order":0,"comment_status":"closed","ping_status":"closed","template":"","meta":{"footnotes":""},"yst_prominent_words":[],"acf":[],"_links":{"self":[{"href":"https:\/\/comcol.mini.icom.museum\/fr\/wp-json\/wp\/v2\/pages\/140"}],"collection":[{"href":"https:\/\/comcol.mini.icom.museum\/fr\/wp-json\/wp\/v2\/pages"}],"about":[{"href":"https:\/\/comcol.mini.icom.museum\/fr\/wp-json\/wp\/v2\/types\/page"}],"author":[{"embeddable":true,"href":"https:\/\/comcol.mini.icom.museum\/fr\/wp-json\/wp\/v2\/users\/1"}],"replies":[{"embeddable":true,"href":"https:\/\/comcol.mini.icom.museum\/fr\/wp-json\/wp\/v2\/comments?post=140"}],"version-history":[{"count":1,"href":"https:\/\/comcol.mini.icom.museum\/fr\/wp-json\/wp\/v2\/pages\/140\/revisions"}],"predecessor-version":[{"id":141,"href":"https:\/\/comcol.mini.icom.museum\/fr\/wp-json\/wp\/v2\/pages\/140\/revisions\/141"}],"wp:attachment":[{"href":"https:\/\/comcol.mini.icom.museum\/fr\/wp-json\/wp\/v2\/media?parent=140"}],"wp:term":[{"taxonomy":"yst_prominent_words","embeddable":true,"href":"https:\/\/comcol.mini.icom.museum\/fr\/wp-json\/wp\/v2\/yst_prominent_words?post=140"}],"curies":[{"name":"wp","href":"https:\/\/api.w.org\/{rel}","templated":true}]}}