{"id":167,"date":"2019-01-03T22:29:57","date_gmt":"2019-01-03T22:29:57","guid":{"rendered":"http:\/\/comcol.icom.cust.oxymium.net\/qui-sommes-nous\/buts-et-objectifs\/"},"modified":"2019-01-03T22:37:26","modified_gmt":"2019-01-03T22:37:26","slug":"buts-et-objectifs","status":"publish","type":"page","link":"https:\/\/comcol.mini.icom.museum\/fr\/qui-sommes-nous\/buts-et-objectifs\/","title":{"rendered":"Buts et objectifs"},"content":{"rendered":"<div id=\"RTE_CONTENT\"> <!--TYPO3SEARCH_begin--> \t<!--  CONTENT ELEMENT, uid:9790\/text [begin] --> \t\t<\/p>\n<div id=\"c9790\"> \t\t<!--  Text: [begin] --> \t\t\t<\/p>\n<p> Le COMCOL est un comit\u00e9 international de l\u2019ICOM qui a pour objectif de d\u00e9velopper la r\u00e9flexion et de partager les connaissances sur les pratiques, la th\u00e9orie et l\u2019\u00e9thique de la collecte et du d\u00e9veloppement des collections (\u00e0 la fois mat\u00e9rielles et immat\u00e9rielles). Le COMCOL est une plateforme pour l\u2019\u00e9change de points de vue et d\u2019exp\u00e9riences de professionnels autour de la collecte au sens le plus large. Les th\u00e8mes d\u00e9battus incluent les politiques d\u2019acquisition et de sortie des collections, la collecte du contemporain, la restitution de biens culturels et les pratiques respectueuses qui impactent le r\u00f4le pr\u00e9sent et futur des collections. Ces th\u00e8mes concernent tous les types de mus\u00e9es \u00e0 l\u2019\u00e9chelle mondiale. Le COMCOL a pour objectif de d\u00e9velopper les coop\u00e9rations et collaborations internationales, de favoriser l\u2019innovation dans les mus\u00e9es et d\u2019encourager et de supporter les professionnels de mus\u00e9e dans leurs efforts pour le d\u00e9veloppement des collections. Le COMCOL organise des rencontres annuelles et des groupes de travail et promeut le dialogue entre ses membres par l\u2019interm\u00e9diaire de sa newsletter.<\/p>\n<p> \t\t<!--  Text: [end] --> \t\t\t   \t<!--  \t\tBEGIN: Content of extension \"hpo_relatedlink\", plugin \"tx_hporelatedlink_pi1\"  \t--> \t<\/p>\n<div> \t\t \t<\/div>\n<p> \t \t<!-- END: Content of extension \"hpo_relatedlink\", plugin \"tx_hporelatedlink_pi1\" -->  \t<\/div>\n<p> \t<!--  CONTENT ELEMENT, uid:9790\/text [end] --> \t\t<!--TYPO3SEARCH_end--> <\/div>\n","protected":false},"excerpt":{"rendered":"<p>Le COMCOL est un comit\u00e9 international de l\u2019ICOM qui a pour objectif de d\u00e9velopper la r\u00e9flexion et de partager les connaissances sur les pratiques, la th\u00e9orie et l\u2019\u00e9thique de la collecte et du d\u00e9veloppement des collections (\u00e0 la fois mat\u00e9rielles et immat\u00e9rielles). Le COMCOL est une plateforme pour l\u2019\u00e9change de points de vue et d\u2019exp\u00e9riences [&hellip;]<\/p>\n","protected":false},"author":1,"featured_media":0,"parent":156,"menu_order":0,"comment_status":"closed","ping_status":"closed","template":"","meta":{"footnotes":""},"yst_prominent_words":[],"acf":[],"_links":{"self":[{"href":"https:\/\/comcol.mini.icom.museum\/fr\/wp-json\/wp\/v2\/pages\/167"}],"collection":[{"href":"https:\/\/comcol.mini.icom.museum\/fr\/wp-json\/wp\/v2\/pages"}],"about":[{"href":"https:\/\/comcol.mini.icom.museum\/fr\/wp-json\/wp\/v2\/types\/page"}],"author":[{"embeddable":true,"href":"https:\/\/comcol.mini.icom.museum\/fr\/wp-json\/wp\/v2\/users\/1"}],"replies":[{"embeddable":true,"href":"https:\/\/comcol.mini.icom.museum\/fr\/wp-json\/wp\/v2\/comments?post=167"}],"version-history":[{"count":1,"href":"https:\/\/comcol.mini.icom.museum\/fr\/wp-json\/wp\/v2\/pages\/167\/revisions"}],"predecessor-version":[{"id":1036,"href":"https:\/\/comcol.mini.icom.museum\/fr\/wp-json\/wp\/v2\/pages\/167\/revisions\/1036"}],"up":[{"embeddable":true,"href":"https:\/\/comcol.mini.icom.museum\/fr\/wp-json\/wp\/v2\/pages\/156"}],"wp:attachment":[{"href":"https:\/\/comcol.mini.icom.museum\/fr\/wp-json\/wp\/v2\/media?parent=167"}],"wp:term":[{"taxonomy":"yst_prominent_words","embeddable":true,"href":"https:\/\/comcol.mini.icom.museum\/fr\/wp-json\/wp\/v2\/yst_prominent_words?post=167"}],"curies":[{"name":"wp","href":"https:\/\/api.w.org\/{rel}","templated":true}]}}