{"id":581,"date":"2019-01-03T22:33:10","date_gmt":"2019-01-03T22:33:10","guid":{"rendered":"http:\/\/comcol.icom.cust.oxymium.net\/publications-2\/newsletter\/"},"modified":"2019-01-03T22:37:25","modified_gmt":"2019-01-03T22:37:25","slug":"newsletter","status":"publish","type":"page","link":"https:\/\/comcol.mini.icom.museum\/fr\/publications-2\/newsletter\/","title":{"rendered":"Newsletter"},"content":{"rendered":"<div id=\"RTE_CONTENT\"> <!--TYPO3SEARCH_begin--> \t<!--  CONTENT ELEMENT, uid:9817\/textpic [begin] --> \t\t<\/p>\n<div id=\"c9817\"> \t\t<!--  Header: [begin] --> \t\t\t<\/p>\n<h2>Bulletin<\/h2>\n<p> \t\t<!--  Header: [end] --> \t\t\t \t\t<!--  Image block: [begin] --> \t\t\t<\/p>\n<div> \t\t<!--  Text: [begin] --> \t\t\t<\/p>\n<p> La Newsletter du COMCOL, qui parait trois fois par an, est diffus\u00e9e aux membres du COMCOL. Nous accueillons divers types de contributions\u00a0: r\u00e9flexions, compte-rendu de colloque ou de s\u00e9minaire, questions sp\u00e9cifiques que vous souhaitez posez, compte-rendu de lecture, proposition de coop\u00e9ration ou autre. Pour proposer une contribution \u00e0 la newsletter, contactez un des \u00e9diteurs par courriel <a href=\"mailto:riitta.kela@gmail.com\" title=\"Opens window for sending email\">Riita Kela<\/a>, <a href=\"mailto:eva.faegerborg@gmail.com.se\" title=\"Opens window for sending email\">Eva F\u00e4gerborg<\/a>, <a href=\"mailto:catherinemarshall5@yahoo.com\" title=\"Opens window for sending email\">Catherine Marshall<\/a> or <a href=\"mailto:judithc@phm.gov.au\" title=\"Opens window for sending email\">Judith Coombes<\/a>, <a href=\"mailto:erin.caswell@gmail.com\" title=\"Opens window for sending email\">Erin Caswell<\/a>\u00a0  <\/p>\n<p> La date limite pour la Newsletter n\u00b031 est le 1 Mars 2019 <\/p>\n<p><a href=\"http:\/\/comcol.mini.icom.museum\/wp-content\/uploads\/sites\/9\/2019\/01\/33COMdec18F.pdf\" title=\"33COMdec18F.pdf (694 KB)\">Newsletter no. 33<\/a>, Decembre 2018 (0.6 mb) <\/p>\n<p><a href=\"http:\/\/comcol.mini.icom.museum\/wp-content\/uploads\/sites\/9\/2019\/01\/32COMapr18.pdf\" title=\"TEXT, 32COMapr18, 32COMapr18.pdf, 0.9 MB\">Newsletter no 32<\/a>, Mai 2018 (0.9 mb) <\/p>\n<p><a href=\"http:\/\/comcol.mini.icom.museum\/wp-content\/uploads\/sites\/9\/2019\/01\/COMCOL_Newsletter__31.pdf\" title=\"TEXT, COMCOL Newsletter 31, COMCOL_Newsletter__31.pdf, 394 KB\">Newsletter no 31<\/a>, Novembre 2017 (0,5 mb) <\/p>\n<p><a href=\"http:\/\/comcol.mini.icom.museum\/wp-content\/uploads\/sites\/9\/2019\/01\/COMCOL_Newsletter_30.pdf\" title=\"TEXT, COMCOL Newsletter 30, COMCOL_Newsletter_30.pdf, 770 KB\">Newsletter no 30<\/a>, Mars 2017 (0,8 mb) <\/p>\n<p><a href=\"http:\/\/comcol.mini.icom.museum\/wp-content\/uploads\/sites\/9\/2019\/01\/COMCOL_Newsletter_29.pdf\" title=\"TEXT, COMCOL Newsletter 29, COMCOL_Newsletter_29.pdf, 1.2 MB\">Newsletter no 29<\/a>, Decembre 2015 ( 1,2 mb) <\/p>\n<p><a href=\"http:\/\/comcol.mini.icom.museum\/wp-content\/uploads\/sites\/9\/2019\/01\/COMCOL_Newsletter_28.pdf\" title=\"TEXT, COMCOL Newsletter 28, COMCOL_Newsletter_28.pdf, 1.0 MB\">Newsletter no 28<\/a>, Septembre 2015 (1,0 mb) <\/p>\n<p><a href=\"http:\/\/comcol.mini.icom.museum\/wp-content\/uploads\/sites\/9\/2019\/01\/COMCOL_Newsletter_27.pdf\" title=\"TEXT, COMCOL Newsletter 27, COMCOL_Newsletter_27.pdf, 555 KB\">Newsletter no 27<\/a>, Mai 2015 (0,5 mb) <\/p>\n<p><a href=\"http:\/\/comcol.mini.icom.museum\/wp-content\/uploads\/sites\/9\/2019\/01\/COMCOL_Newsletter_26.pdf\" title=\"TEXT, COMCOL Newsletter 26, COMCOL_Newsletter_26.pdf, 1.0 MB\">Newsletter no 26<\/a>, Octobre 2014 ( 1 mb) <\/p>\n<p> <a href=\"http:\/\/comcol.mini.icom.museum\/wp-content\/uploads\/sites\/9\/2019\/01\/COMCOL_Newsletter_25__.pdf\" title=\"TEXT, COMCOL Newsletter 25 , COMCOL_Newsletter_25__.pdf, 0.9 MB\">Newsletter no 25,<\/a> Juin 2014 (0.9 mb)\u00a0 <\/p>\n<p><a href=\"http:\/\/comcol.mini.icom.museum\/wp-content\/uploads\/sites\/9\/2019\/01\/COMCOL_Newsletter_24.pdf\" title=\"TEXT, COMCOL Newsletter 24, COMCOL_Newsletter_24.pdf, 716 KB\">Newsletter no 24<\/a>, Mars 2014 (0.7 mb) <\/p>\n<p><a href=\"http:\/\/comcol.mini.icom.museum\/wp-content\/uploads\/sites\/9\/2019\/01\/Newsletter23.pdf\" title=\"TEXT, Newsletter23, Newsletter23.pdf, 1.3 MB\">Newsletter no 23<\/a>, Octobre 2013 (1.3 mb) <\/p>\n<p><a href=\"http:\/\/comcol.mini.icom.museum\/wp-content\/uploads\/sites\/9\/2019\/01\/Newsletter22.pdf\" title=\"TEXT, Newsletter22, Newsletter22.pdf, 3.0 MB\">Newsletter no 22<\/a>, Julliet 2013 (3 mb) <\/p>\n<p><a href=\"http:\/\/comcol.mini.icom.museum\/wp-content\/uploads\/sites\/9\/2019\/01\/Newsletter21.pdf\" title=\"Opens external link in new window\">Newsletter no 21<\/a>, Avril 2013 (0.9 mb) <\/p>\n<p><a href=\"http:\/\/comcol.mini.icom.museum\/wp-content\/uploads\/sites\/9\/2019\/01\/Newsletter20.pdf\" title=\"Opens external link in new window\">Newsletter no 20<\/a>, Decembre 2012 (0.9 mb) <\/p>\n<p><a href=\"http:\/\/comcol.mini.icom.museum\/wp-content\/uploads\/sites\/9\/2019\/01\/Newsletter19.pdf\" title=\"Opens external link in new window\">Newsletter no 19<\/a>, Octobre 2012 (1.5 mb) <\/p>\n<p><a href=\"http:\/\/comcol.mini.icom.museum\/wp-content\/uploads\/sites\/9\/2019\/01\/Newsletter18.pdf\" title=\"Opens external link in new window\">Newsletter no 18<\/a>, Juin 2012\u00a0(7.7 mb) <\/p>\n<p><a href=\"http:\/\/comcol.mini.icom.museum\/wp-content\/uploads\/sites\/9\/2019\/01\/COMCOL_Newsletter_17.pdf\" title=\"TEXT, COMCOL Newsletter 17, COMCOL_Newsletter_17.pdf, 2.4 MB\">Newsletter no 17<\/a>, Avril 2012 (2.4 mb) <\/p>\n<p><a href=\"http:\/\/comcol.mini.icom.museum\/wp-content\/uploads\/sites\/9\/2019\/01\/Newsletter16.pdf\" title=\"TEXT, Newsletter16, Newsletter16.pdf, 833 KB\">Newsletter no 16<\/a>, Decembre 2011 (0.8 mb) <\/p>\n<p><a href=\"http:\/\/comcol.mini.icom.museum\/wp-content\/uploads\/sites\/9\/2019\/01\/Newsletter15.pdf\" title=\"TEXT, Newsletter15, Newsletter15.pdf, 359 KB\">Newsletter no 15<\/a>, Octobre 2011 (0.4 mb) <\/p>\n<p><a href=\"http:\/\/comcol.mini.icom.museum\/wp-content\/uploads\/sites\/9\/2019\/01\/Newsletter14.pdf\" title=\"TEXT, Newsletter14, Newsletter14.pdf, 263 KB\">Newsletter no 14<\/a>, Julliet 2011 (0.3 mb) <\/p>\n<p><a href=\"http:\/\/comcol.mini.icom.museum\/wp-content\/uploads\/sites\/9\/2019\/01\/Newsletter13.pdf\" title=\"TEXT, Newsletter13, Newsletter13.pdf, 281 KB\">Newsletter no 13<\/a>, Avril 2011 (0.3 mb) <\/p>\n<p><a href=\"http:\/\/comcol.mini.icom.museum\/wp-content\/uploads\/sites\/9\/2019\/01\/Newsletter12.pdf\" title=\"TEXT, Newsletter12, Newsletter12.pdf, 445 KB\">Newsletter no 12<\/a>, Decembre 2010 (0.4 mb) <\/p>\n<p><a href=\"http:\/\/comcol.mini.icom.museum\/wp-content\/uploads\/sites\/9\/2019\/01\/Newsletter11.pdf\" title=\"TEXT, Newsletter11, Newsletter11.pdf, 346 KB\">Newsletter no 11<\/a>, Octobre 2010 (0.4 mb) <\/p>\n<p><a href=\"http:\/\/comcol.mini.icom.museum\/wp-content\/uploads\/sites\/9\/2019\/01\/Newsletter10.pdf\" title=\"TEXT, Newsletter10, Newsletter10.pdf, 799 KB\">Newsletter no 10<\/a>, Juin 2010 (0.8 mb) <\/p>\n<p><a href=\"http:\/\/comcol.mini.icom.museum\/wp-content\/uploads\/sites\/9\/2019\/01\/Newsletter9.pdf\" title=\"TEXT, Newsletter9, Newsletter9.pdf, 367 KB\">Newsletter no 9<\/a>, Avril 2010 (0.4 mb) <\/p>\n<p><a href=\"http:\/\/comcol.mini.icom.museum\/wp-content\/uploads\/sites\/9\/2019\/01\/Newsletter8.pdf\" title=\"TEXT, Newsletter8, Newsletter8.pdf, 89 KB\">Newsletter no 8<\/a>, Decembre 2009 (0.1 mb) <\/p>\n<p><a href=\"http:\/\/comcol.mini.icom.museum\/wp-content\/uploads\/sites\/9\/2019\/01\/Newsletter7.pdf\" title=\"TEXT, Newsletter7, Newsletter7.pdf, 247 KB\">Newsletter no 7<\/a>, Octobre 2009 (0.2 mb) <\/p>\n<p><a href=\"http:\/\/comcol.mini.icom.museum\/wp-content\/uploads\/sites\/9\/2019\/01\/Newsletter6.pdf\" title=\"TEXT, Newsletter6, Newsletter6.pdf, 203 KB\">Newsletter no 6<\/a>, Juin 2009 (0.2 mb) <\/p>\n<p><a href=\"http:\/\/comcol.mini.icom.museum\/wp-content\/uploads\/sites\/9\/2019\/01\/Newsletter5.pdf\" title=\"TEXT, Newsletter5, Newsletter5.pdf, 593 KB\">Newsletter no 5<\/a>, Avril 2009 (0.6 mb) <\/p>\n<p><a href=\"http:\/\/comcol.mini.icom.museum\/wp-content\/uploads\/sites\/9\/2019\/01\/Newsletter4.pdf\" title=\"TEXT, Newsletter4, Newsletter4.pdf, 352 KB\">Newsletter no 4<\/a>, Decembre 2008 (0.4 mb) <\/p>\n<p><a href=\"http:\/\/comcol.mini.icom.museum\/wp-content\/uploads\/sites\/9\/2019\/01\/Newsletter3.pdf\" title=\"TEXT, Newsletter3, Newsletter3.pdf, 523 KB\">Newsletter no 3<\/a>, Octobre 2008 (0.5 mb) <\/p>\n<p><a href=\"http:\/\/comcol.mini.icom.museum\/wp-content\/uploads\/sites\/9\/2019\/01\/Newsletter2.pdf\" title=\"TEXT, Newsletter2, Newsletter2.pdf, 95 KB\">Newsletter no 2<\/a>, Juin 2008 (0.1 mb) <\/p>\n<p><a href=\"http:\/\/comcol.mini.icom.museum\/wp-content\/uploads\/sites\/9\/2019\/01\/Newsletter1.pdf\" title=\"TEXT, Newsletter1, Newsletter1.pdf, 145 KB\">Newsletter no 1<\/a>, Avril 2008 (0.1 mb)<\/p>\n<p> \t\t<!--  Text: [end] --> \t\t\t<\/div>\n<p> \t\t<!--  Image block: [end] --> \t\t\t   \t<!--  \t\tBEGIN: Content of extension \"hpo_relatedlink\", plugin \"tx_hporelatedlink_pi1\"  \t--> \t<\/p>\n<div> \t\t \t<\/div>\n<p> \t \t<!-- END: Content of extension \"hpo_relatedlink\", plugin \"tx_hporelatedlink_pi1\" -->  \t<\/div>\n<p> \t<!--  CONTENT ELEMENT, uid:9817\/textpic [end] --> \t\t<!--TYPO3SEARCH_end--> <\/div>\n","protected":false},"excerpt":{"rendered":"<p>Bulletin La Newsletter du COMCOL, qui parait trois fois par an, est diffus\u00e9e aux membres du COMCOL. Nous accueillons divers types de contributions\u00a0: r\u00e9flexions, compte-rendu de colloque ou de s\u00e9minaire, questions sp\u00e9cifiques que vous souhaitez posez, compte-rendu de lecture, proposition de coop\u00e9ration ou autre. Pour proposer une contribution \u00e0 la newsletter, contactez un des \u00e9diteurs [&hellip;]<\/p>\n","protected":false},"author":1,"featured_media":0,"parent":160,"menu_order":0,"comment_status":"closed","ping_status":"closed","template":"","meta":{"footnotes":""},"yst_prominent_words":[],"acf":[],"_links":{"self":[{"href":"https:\/\/comcol.mini.icom.museum\/fr\/wp-json\/wp\/v2\/pages\/581"}],"collection":[{"href":"https:\/\/comcol.mini.icom.museum\/fr\/wp-json\/wp\/v2\/pages"}],"about":[{"href":"https:\/\/comcol.mini.icom.museum\/fr\/wp-json\/wp\/v2\/types\/page"}],"author":[{"embeddable":true,"href":"https:\/\/comcol.mini.icom.museum\/fr\/wp-json\/wp\/v2\/users\/1"}],"replies":[{"embeddable":true,"href":"https:\/\/comcol.mini.icom.museum\/fr\/wp-json\/wp\/v2\/comments?post=581"}],"version-history":[{"count":1,"href":"https:\/\/comcol.mini.icom.museum\/fr\/wp-json\/wp\/v2\/pages\/581\/revisions"}],"predecessor-version":[{"id":1029,"href":"https:\/\/comcol.mini.icom.museum\/fr\/wp-json\/wp\/v2\/pages\/581\/revisions\/1029"}],"up":[{"embeddable":true,"href":"https:\/\/comcol.mini.icom.museum\/fr\/wp-json\/wp\/v2\/pages\/160"}],"wp:attachment":[{"href":"https:\/\/comcol.mini.icom.museum\/fr\/wp-json\/wp\/v2\/media?parent=581"}],"wp:term":[{"taxonomy":"yst_prominent_words","embeddable":true,"href":"https:\/\/comcol.mini.icom.museum\/fr\/wp-json\/wp\/v2\/yst_prominent_words?post=581"}],"curies":[{"name":"wp","href":"https:\/\/api.w.org\/{rel}","templated":true}]}}