{"id":641,"date":"2019-01-03T22:33:40","date_gmt":"2019-01-03T22:33:40","guid":{"rendered":"http:\/\/comcol.icom.cust.oxymium.net\/publications-2\/museum-international\/"},"modified":"2019-01-03T22:37:24","modified_gmt":"2019-01-03T22:37:24","slug":"museum-international","status":"publish","type":"page","link":"https:\/\/comcol.mini.icom.museum\/fr\/publications-2\/museum-international\/","title":{"rendered":"Museum International"},"content":{"rendered":"<div id=\"RTE_CONTENT\"> <!--TYPO3SEARCH_begin--> \t<!--  CONTENT ELEMENT, uid:13063\/textpic [begin] --> \t\t<\/p>\n<div id=\"c13063\"> \t\t<!--  Header: [begin] --> \t\t\t<\/p>\n<h2>Appel \u00e0 contributions pour Museum International <\/h2>\n<p> \t\t<!--  Header: [end] --> \t\t\t \t\t<!--  Image block: [begin] --> \t\t\t<\/p>\n<div> \t\t<!--  Text: [begin] --> \t\t\t<\/p>\n<p><span>L&#8217;ICOM vient de finaliser le premier num\u00e9ro de Museum international publi\u00e9 sous sa responsabilit\u00e9 \u00e9ditoriale sur le th\u00e8me des R\u00e9alisations et d\u00e9fis des mus\u00e9es br\u00e9siliens. Il sera disponible \u00e0 la fin du mois d&#8217;avril. Le prochain num\u00e9ro qui est en cours de pr\u00e9paration sera un num\u00e9ro double consacr\u00e9 au th\u00e8me de la Journ\u00e9e internationale des mus\u00e9es de 2014, Les liens cr\u00e9\u00e9s par les collections des mus\u00e9es. Le num\u00e9ro sera \u00e9labor\u00e9 sous la direction \u00e9ditoriale du bureau du Comit\u00e9 international de l&#8217;ICOM pour le d\u00e9veloppement des collections (COMCOL) et de L\u00e9ontine Meijer-van Mensch en tant que r\u00e9dactrice en chef. La pertinence de toutes les propositions sera \u00e9valu\u00e9e et les articles seront soumis \u00e0 un examen coll\u00e9gial. Le num\u00e9ro devrait \u00eatre publi\u00e9 en collaboration avec Wiley Blackwell en septembre 2014.<\/span> <\/p>\n<p><a href=\"http:\/\/comcol.mini.icom.museum\/wp-content\/uploads\/sites\/9\/2019\/01\/museum_international_fr.pdf\" title=\"TEXT, museum international fr, museum_international_fr.pdf, 71 KB\">t\u00e9l\u00e9charger ici l&#8217;appel \u00e0 contributions\u00a0<\/a><a href=\"http:\/\/comcol.mini.icom.museum\/wp-content\/uploads\/sites\/9\/2019\/01\/museum_international_fr.pdf\" title=\"TEXT, museum international fr, museum_international_fr.pdf, 71 KB\">en fran\u00e7ais<\/a><\/p>\n<p>\u00a0<\/p>\n<p><b>Call for Papers Museum International 2014<\/b> <\/p>\n<p>Following completion of the first issue of Museum International under ICOM&#8217;s aegis on the theme of Achievements and challenges in the Brazilian museum landscape, to be available at the end of April, ICOM is preparing a second double issue on the theme of International Museum Day 2014, Museum collections make connections. The issue will be prepared under the editorial direction of the board of the ICOM International Committee for Collecting (COMCOL) with L\u00e9ontine Meijer-van Mensch as Editor in Chief. All proposals submitted will be assessed for suitability and subsequent articles will go through a peer review process. The issue is expected to be published, in collaboration with Wiley Blackwell by September 2014.<\/p>\n<p>\u00a0<\/p>\n<p><a href=\"http:\/\/comcol.mini.icom.museum\/wp-content\/uploads\/sites\/9\/2019\/01\/museum_international_eng.pdf\" title=\"TEXT, museum international eng, museum_international_eng.pdf, 68 KB\">Download here the call for papers in English<\/a> <\/p>\n<p>\u00a0<\/p>\n<p>\u00a0<\/p>\n<p><b>Petici\u00f3n de propuestas para Museum International Vol. 64 N.\u00b0 3-4<\/b><\/p>\n<p>Tras finalizar el primer n\u00famero de Museum International a cargo del ICOM sobre el tema de los Logros y desaf\u00edos en el paisaje muse\u00edstico brasile\u00f1o, que estar\u00e1 disponible a finales del mes de abril, el ICOM prepara un segundo n\u00famero doble sobre el tema del D\u00eda Internacional de los Museos 2014, Los v\u00ednculos creados por las colecciones de los museos. El n\u00famero se realizar\u00e1 bajo la direcci\u00f3n editorial del consejo del Comit\u00e9 Internacional para Incentivar las Colecciones (COMCOL) del ICOM, con L\u00e9ontine Meijer-van Mensch como Redactora Jefe. Se evaluar\u00e1 la idoneidad de todas las propuestas presentadas y los art\u00edculos ser\u00e1n sometidos a revisi\u00f3n por pares. Se espera que el n\u00famero se publique en colaboraci\u00f3n con Wiley Blackwell en septiembre de 2014.<\/p>\n<p><a href=\"http:\/\/comcol.mini.icom.museum\/wp-content\/uploads\/sites\/9\/2019\/01\/museum_international_es.pdf\" title=\"TEXT, museum international es, museum_international_es.pdf, 71 KB\">Descarga aqu\u00ed la peticion de propuestas en <\/a><a href=\"http:\/\/comcol.mini.icom.museum\/wp-content\/uploads\/sites\/9\/2019\/01\/museum_international_es.pdf\" title=\"TEXT, museum international es, museum_international_es.pdf, 71 KB\">espa\u00f1ol<\/a><\/p>\n<p> \t\t<!--  Text: [end] --> \t\t\t<\/div>\n<p> \t\t<!--  Image block: [end] --> \t\t\t   \t<!--  \t\tBEGIN: Content of extension \"hpo_relatedlink\", plugin \"tx_hporelatedlink_pi1\"  \t--> \t<\/p>\n<div> \t\t \t<\/div>\n<p> \t \t<!-- END: Content of extension \"hpo_relatedlink\", plugin \"tx_hporelatedlink_pi1\" -->  \t<\/div>\n<p> \t<!--  CONTENT ELEMENT, uid:13063\/textpic [end] --> \t\t<!--TYPO3SEARCH_end--> <\/div>\n","protected":false},"excerpt":{"rendered":"<p>Appel \u00e0 contributions pour Museum International L&#8217;ICOM vient de finaliser le premier num\u00e9ro de Museum international publi\u00e9 sous sa responsabilit\u00e9 \u00e9ditoriale sur le th\u00e8me des R\u00e9alisations et d\u00e9fis des mus\u00e9es br\u00e9siliens. Il sera disponible \u00e0 la fin du mois d&#8217;avril. Le prochain num\u00e9ro qui est en cours de pr\u00e9paration sera un num\u00e9ro double consacr\u00e9 au [&hellip;]<\/p>\n","protected":false},"author":1,"featured_media":0,"parent":160,"menu_order":3,"comment_status":"closed","ping_status":"closed","template":"","meta":{"footnotes":""},"yst_prominent_words":[],"acf":[],"_links":{"self":[{"href":"https:\/\/comcol.mini.icom.museum\/fr\/wp-json\/wp\/v2\/pages\/641"}],"collection":[{"href":"https:\/\/comcol.mini.icom.museum\/fr\/wp-json\/wp\/v2\/pages"}],"about":[{"href":"https:\/\/comcol.mini.icom.museum\/fr\/wp-json\/wp\/v2\/types\/page"}],"author":[{"embeddable":true,"href":"https:\/\/comcol.mini.icom.museum\/fr\/wp-json\/wp\/v2\/users\/1"}],"replies":[{"embeddable":true,"href":"https:\/\/comcol.mini.icom.museum\/fr\/wp-json\/wp\/v2\/comments?post=641"}],"version-history":[{"count":1,"href":"https:\/\/comcol.mini.icom.museum\/fr\/wp-json\/wp\/v2\/pages\/641\/revisions"}],"predecessor-version":[{"id":1026,"href":"https:\/\/comcol.mini.icom.museum\/fr\/wp-json\/wp\/v2\/pages\/641\/revisions\/1026"}],"up":[{"embeddable":true,"href":"https:\/\/comcol.mini.icom.museum\/fr\/wp-json\/wp\/v2\/pages\/160"}],"wp:attachment":[{"href":"https:\/\/comcol.mini.icom.museum\/fr\/wp-json\/wp\/v2\/media?parent=641"}],"wp:term":[{"taxonomy":"yst_prominent_words","embeddable":true,"href":"https:\/\/comcol.mini.icom.museum\/fr\/wp-json\/wp\/v2\/yst_prominent_words?post=641"}],"curies":[{"name":"wp","href":"https:\/\/api.w.org\/{rel}","templated":true}]}}