{"id":716,"date":"2019-01-03T22:34:27","date_gmt":"2019-01-03T22:34:27","guid":{"rendered":"http:\/\/comcol.icom.cust.oxymium.net\/devenir-membre\/"},"modified":"2019-01-03T22:37:23","modified_gmt":"2019-01-03T22:37:23","slug":"devenir-membre","status":"publish","type":"page","link":"https:\/\/comcol.mini.icom.museum\/fr\/devenir-membre\/","title":{"rendered":"Devenir membre"},"content":{"rendered":"<div id=\"RTE_CONTENT\"> <!--TYPO3SEARCH_begin--> \t<!--  CONTENT ELEMENT, uid:9822\/textpic [begin] --> \t\t<\/p>\n<div id=\"c9822\"> \t\t<!--  Header: [begin] --> \t\t\t<\/p>\n<h2>Devenir membre<\/h2>\n<p> \t\t<!--  Header: [end] --> \t\t\t \t\t<!--  Image block: [begin] --> \t\t\t<\/p>\n<div> \t\t<!--  Text: [begin] --> \t\t\t<\/p>\n<p> Nous accueillons comme membre du COMCOL les professionnels et \u00e9tudiants ayant un int\u00e9r\u00eat dans la question des collections. Les personnes d\u00e9j\u00e0 membres de l\u2019ICOM peuvent rejoindre le COMCOL en remplissant simplement un formulaire qui peut \u00eatre t\u00e9l\u00e9charg\u00e9 <a href=\"http:\/\/icom.museum\/join_int_committee.html\" target=\"_blank\">sur cette page<\/a>\u00a0 sur le site internet de l\u2019ICOM. Les formulaires remplis sont \u00e0 envoyer par courriel au <a href=\"mailto:secretariat@icom.museum\">Secr\u00e9tariat de l\u2019ICOM<\/a>. Si vous souhaitez rejoindre le COMCOL et que vous n\u2019\u00eates pas encore membre de l\u2019ICOM, vous devez au pr\u00e9alable adh\u00e9rer \u00e0 l\u2019ICOM. Vous trouverez plus d\u2019information sur l\u2019adh\u00e9sion \u00e0 l\u2019ICOM <a href=\"http:\/\/icom.museum\/membership.html\" target=\"_blank\">ici<\/a>. <\/p>\n<p>Appuyer le d\u00e9veloppement du COMCOL <\/p>\n<p> Le COMCOL invite ses membres \u00e0 d\u00e9velopper le r\u00e9seau et \u00e0 en faire une structure incontournable, porte-parole de la coop\u00e9ration internationale.<\/p>\n<p> \t\t<!--  Text: [end] --> \t\t\t<\/div>\n<p> \t\t<!--  Image block: [end] --> \t\t\t   \t<!--  \t\tBEGIN: Content of extension \"hpo_relatedlink\", plugin \"tx_hporelatedlink_pi1\"  \t--> \t<\/p>\n<div> \t\t \t<\/div>\n<p> \t \t<!-- END: Content of extension \"hpo_relatedlink\", plugin \"tx_hporelatedlink_pi1\" -->  \t<\/div>\n<p> \t<!--  CONTENT ELEMENT, uid:9822\/textpic [end] --> \t\t<!--TYPO3SEARCH_end--> <\/div>\n","protected":false},"excerpt":{"rendered":"<p>Devenir membre Nous accueillons comme membre du COMCOL les professionnels et \u00e9tudiants ayant un int\u00e9r\u00eat dans la question des collections. Les personnes d\u00e9j\u00e0 membres de l\u2019ICOM peuvent rejoindre le COMCOL en remplissant simplement un formulaire qui peut \u00eatre t\u00e9l\u00e9charg\u00e9 sur cette page\u00a0 sur le site internet de l\u2019ICOM. Les formulaires remplis sont \u00e0 envoyer par [&hellip;]<\/p>\n","protected":false},"author":1,"featured_media":0,"parent":0,"menu_order":0,"comment_status":"closed","ping_status":"closed","template":"","meta":{"footnotes":""},"yst_prominent_words":[],"acf":[],"_links":{"self":[{"href":"https:\/\/comcol.mini.icom.museum\/fr\/wp-json\/wp\/v2\/pages\/716"}],"collection":[{"href":"https:\/\/comcol.mini.icom.museum\/fr\/wp-json\/wp\/v2\/pages"}],"about":[{"href":"https:\/\/comcol.mini.icom.museum\/fr\/wp-json\/wp\/v2\/types\/page"}],"author":[{"embeddable":true,"href":"https:\/\/comcol.mini.icom.museum\/fr\/wp-json\/wp\/v2\/users\/1"}],"replies":[{"embeddable":true,"href":"https:\/\/comcol.mini.icom.museum\/fr\/wp-json\/wp\/v2\/comments?post=716"}],"version-history":[{"count":1,"href":"https:\/\/comcol.mini.icom.museum\/fr\/wp-json\/wp\/v2\/pages\/716\/revisions"}],"predecessor-version":[{"id":1021,"href":"https:\/\/comcol.mini.icom.museum\/fr\/wp-json\/wp\/v2\/pages\/716\/revisions\/1021"}],"wp:attachment":[{"href":"https:\/\/comcol.mini.icom.museum\/fr\/wp-json\/wp\/v2\/media?parent=716"}],"wp:term":[{"taxonomy":"yst_prominent_words","embeddable":true,"href":"https:\/\/comcol.mini.icom.museum\/fr\/wp-json\/wp\/v2\/yst_prominent_words?post=716"}],"curies":[{"name":"wp","href":"https:\/\/api.w.org\/{rel}","templated":true}]}}